{"id":2,"date":"2019-03-17T16:49:37","date_gmt":"2019-03-17T15:49:37","guid":{"rendered":"http:\/\/www.doderoycia.com\/?page_id=2"},"modified":"2022-11-18T10:26:01","modified_gmt":"2022-11-18T13:26:01","slug":"pagina-ejemplo","status":"publish","type":"page","link":"https:\/\/www.doderoycia.com\/pt\/","title":{"rendered":"In\u00edcio"},"content":{"rendered":"<p><\/p>\n<p>Garantimos a efici\u00eancia do processo de compras da sua empresa por meio de solu\u00e7\u00f5es de com\u00e9rcio exterior eficientes, r\u00e1pidas, organizadas e sem custos ocultos.<\/p>\n<p><\/p>","protected":false},"excerpt":{"rendered":"Garantimos a efici\u00eancia do processo de compras da sua empresa por meio de solu\u00e7\u00f5es de com\u00e9rcio exterior eficientes, r\u00e1pidas, organizadas e sem custos ocultos.","protected":false},"author":1,"featured_media":0,"parent":0,"menu_order":0,"comment_status":"closed","ping_status":"open","template":"","meta":{"footnotes":""},"class_list":["post-2","page","type-page","status-publish","hentry"],"acf":[],"_links":{"self":[{"href":"https:\/\/www.doderoycia.com\/pt\/wp-json\/wp\/v2\/pages\/2","targetHints":{"allow":["GET"]}}],"collection":[{"href":"https:\/\/www.doderoycia.com\/pt\/wp-json\/wp\/v2\/pages"}],"about":[{"href":"https:\/\/www.doderoycia.com\/pt\/wp-json\/wp\/v2\/types\/page"}],"author":[{"embeddable":true,"href":"https:\/\/www.doderoycia.com\/pt\/wp-json\/wp\/v2\/users\/1"}],"replies":[{"embeddable":true,"href":"https:\/\/www.doderoycia.com\/pt\/wp-json\/wp\/v2\/comments?post=2"}],"version-history":[{"count":12,"href":"https:\/\/www.doderoycia.com\/pt\/wp-json\/wp\/v2\/pages\/2\/revisions"}],"predecessor-version":[{"id":360,"href":"https:\/\/www.doderoycia.com\/pt\/wp-json\/wp\/v2\/pages\/2\/revisions\/360"}],"wp:attachment":[{"href":"https:\/\/www.doderoycia.com\/pt\/wp-json\/wp\/v2\/media?parent=2"}],"curies":[{"name":"wp","href":"https:\/\/api.w.org\/{rel}","templated":true}]}}