{"id":42,"date":"2019-03-22T13:52:34","date_gmt":"2019-03-22T12:52:34","guid":{"rendered":"http:\/\/www.doderoycia.com\/?page_id=42"},"modified":"2021-06-08T15:32:47","modified_gmt":"2021-06-08T18:32:47","slug":"servicios","status":"publish","type":"page","link":"https:\/\/www.doderoycia.com\/pt\/servicios\/","title":{"rendered":"Servi\u00e7os"},"content":{"rendered":"<p><\/p>\n<blockquote>\n<p>Garantimos a efici\u00eancia do processo de compras da sua empresa, por meio de solu\u00e7\u00f5es de com\u00e9rcio exterior eficientes, r\u00e1pidas, organizadas e sem custos ocultos.<\/p>\n<\/blockquote>\n<p>Sabemos como satisfazer suas necessidades de <strong>importa\u00e7\u00e3o e exporta\u00e7\u00e3o<\/strong>, para que o abastecimento da sua empresa seja perfeito.<\/p>\n<p>Fazemos um planejamento e posterior acompanhamento de toda a opera\u00e7\u00e3o: da libera\u00e7\u00e3o da mercadoria at\u00e9 o destino, otimizando cada etapa do processo para que voc\u00ea se apoie em nossa s\u00f3lida estrutura.<\/p>\n<p>Contamos com uma rede internacional de agentes em todo o mundo.<\/p>\n<p>Somos conhecidos e respeitados na Alf\u00e2ndega Argentina, como representantes de nossos clientes, h\u00e1 mais de 25 anos. Conte conosco para dar os primeiros passos em sua estrat\u00e9gia comercial internacional ou para ampliar as vantagens comparativas em rela\u00e7\u00e3o aos outros assessores.<\/p>\n<p>Estamos capacitados para ser seu departamento de Com\u00e9rcio Exterior.<\/p>\n<p><a class=\"boton\" href=\"https:\/\/www.doderoycia.com\/como-trabajamos\/\">Como trabalhamos?<\/a><\/p>\n<p><\/p>","protected":false},"excerpt":{"rendered":"Garantimos a efici\u00eancia do processo de compras da sua empresa, por meio de solu\u00e7\u00f5es de com\u00e9rcio exterior eficientes, r\u00e1pidas, organizadas e sem custos ocultos. Sabemos como satisfazer suas necessidades de importa\u00e7\u00e3o e exporta\u00e7\u00e3o, para que o abastecimento da sua empresa seja perfeito. Fazemos um planejamento e posterior acompanhamento de toda a opera\u00e7\u00e3o: da libera\u00e7\u00e3o da&hellip;","protected":false},"author":1,"featured_media":0,"parent":0,"menu_order":0,"comment_status":"closed","ping_status":"closed","template":"servicios.php","meta":{"footnotes":""},"class_list":["post-42","page","type-page","status-publish","hentry"],"acf":[],"_links":{"self":[{"href":"https:\/\/www.doderoycia.com\/pt\/wp-json\/wp\/v2\/pages\/42","targetHints":{"allow":["GET"]}}],"collection":[{"href":"https:\/\/www.doderoycia.com\/pt\/wp-json\/wp\/v2\/pages"}],"about":[{"href":"https:\/\/www.doderoycia.com\/pt\/wp-json\/wp\/v2\/types\/page"}],"author":[{"embeddable":true,"href":"https:\/\/www.doderoycia.com\/pt\/wp-json\/wp\/v2\/users\/1"}],"replies":[{"embeddable":true,"href":"https:\/\/www.doderoycia.com\/pt\/wp-json\/wp\/v2\/comments?post=42"}],"version-history":[{"count":16,"href":"https:\/\/www.doderoycia.com\/pt\/wp-json\/wp\/v2\/pages\/42\/revisions"}],"predecessor-version":[{"id":341,"href":"https:\/\/www.doderoycia.com\/pt\/wp-json\/wp\/v2\/pages\/42\/revisions\/341"}],"wp:attachment":[{"href":"https:\/\/www.doderoycia.com\/pt\/wp-json\/wp\/v2\/media?parent=42"}],"curies":[{"name":"wp","href":"https:\/\/api.w.org\/{rel}","templated":true}]}}