{"id":57,"date":"2019-03-22T15:08:59","date_gmt":"2019-03-22T14:08:59","guid":{"rendered":"http:\/\/www.doderoycia.com\/?page_id=57"},"modified":"2022-10-31T14:36:59","modified_gmt":"2022-10-31T17:36:59","slug":"nosotros","status":"publish","type":"page","link":"https:\/\/www.doderoycia.com\/pt\/nosotros\/","title":{"rendered":"Sobre N\u00f3s"},"content":{"rendered":"<p><\/p>\n<blockquote>\n<p>Durante mais de 30 anos aprendemos a otimizar todos os passos envolvidos em uma opera\u00e7\u00e3o de Com\u00e9rcio Exterior, atingindo as metas de nossos clientes e superando as expectativas<\/p>\n<\/blockquote>\n<p>Dodero &amp; Compa\u00f1\u00eda est\u00e1 integrada por especialistas em auditoria e consultoria para a importa\u00e7\u00e3o e exporta\u00e7\u00e3o de todos os tipos de mercadorias, al\u00e9m de despachantes aduaneiros e agentes de carga internacional.<\/p>\n<p>Somos respons\u00e1veis por consolidar uma equipe de trabalho de melhoria cont\u00ednua e motivada para que ela seja integrada aos nossos clientes, entendendo que otimizar o tempo e os recursos \u00e9 fundamental para oferecer efici\u00eancia \u00e0s empresas.<\/p>\n<blockquote>\n<p>Assumimos a responsabilidade de representar nossos clientes em tudo o que est\u00e1 relacionado ao com\u00e9rcio exterior, como se f\u00f4ssemos parte de sua pr\u00f3pria estrutura.<\/p>\n<\/blockquote>\n<p>Temos a capacidade de operar em todas as Alf\u00e2ndegas Nacionais e Internacionais. Pergunte por n\u00f3s na Alf\u00e2ndega Argentina. Voc\u00ea obter\u00e1 nossa melhor refer\u00eancia de profissionalismo e atendimento.<\/p>\n<p>&nbsp;<\/p>\n<p>Constru\u00edmos uma rela\u00e7\u00e3o de respeito m\u00fatuo com todos os funcion\u00e1rios alfandeg\u00e1rios.<\/p>\n<p>&nbsp;<\/p>\n<h3>Conhe\u00e7a nossa raz\u00e3o de ser e para onde vamos<\/h3>\n<p>Nossa <strong>miss\u00e3o<\/strong> \u00e9 fazer com que nossos clientes esque\u00e7am os problemas do com\u00e9rcio exterior e dediquem seu tempo inteiramente ao seu neg\u00f3cio, oferecendo solu\u00e7\u00f5es de alto valor agregado.<\/p>\n<p>&nbsp;<\/p>\n<p>Nossa <strong>vis\u00e3o<\/strong> \u00e9 ser a melhor empresa de servi\u00e7os de com\u00e9rcio exterior em n\u00edvel nacional, regional e global. Queremos que as pessoas nos escolham como um dos lugares mais agrad\u00e1veis para trabalhar, dado nosso compromisso com a forma\u00e7\u00e3o e a melhoria cont\u00ednua de nossa rede de colaboradores e colaboradoras.<\/p>\n<p>Guiam-nos os <strong>valores<\/strong> da paix\u00e3o, excel\u00eancia, compromisso, honestidade e confian\u00e7a. Fazemos nosso trabalho porque nos apaixona faz\u00ea-lo. Revisamos as a\u00e7\u00f5es dia a dia, como forma de melhoria constante. Ficamos envolvidos desde o primeiro dia para entender o funcionamento das empresas de nossos clientes, seus produtos e servi\u00e7os. Criamos um relacionamento estreito com nossos clientes e colaboradores, estabelecendo la\u00e7os de confian\u00e7a m\u00fatua e s\u00f3lida ao longo do tempo.<\/p>\n<p><\/p>","protected":false},"excerpt":{"rendered":"Durante mais de 30 anos aprendemos a otimizar todos os passos envolvidos em uma opera\u00e7\u00e3o de Com\u00e9rcio Exterior, atingindo as metas de nossos clientes e superando as expectativas Dodero &amp; Compa\u00f1\u00eda est\u00e1 integrada por especialistas em auditoria e consultoria para a importa\u00e7\u00e3o e exporta\u00e7\u00e3o de todos os tipos de mercadorias, al\u00e9m de despachantes aduaneiros e&hellip;","protected":false},"author":1,"featured_media":0,"parent":0,"menu_order":0,"comment_status":"closed","ping_status":"closed","template":"nosotros.php","meta":{"footnotes":""},"class_list":["post-57","page","type-page","status-publish","hentry"],"acf":[],"_links":{"self":[{"href":"https:\/\/www.doderoycia.com\/pt\/wp-json\/wp\/v2\/pages\/57","targetHints":{"allow":["GET"]}}],"collection":[{"href":"https:\/\/www.doderoycia.com\/pt\/wp-json\/wp\/v2\/pages"}],"about":[{"href":"https:\/\/www.doderoycia.com\/pt\/wp-json\/wp\/v2\/types\/page"}],"author":[{"embeddable":true,"href":"https:\/\/www.doderoycia.com\/pt\/wp-json\/wp\/v2\/users\/1"}],"replies":[{"embeddable":true,"href":"https:\/\/www.doderoycia.com\/pt\/wp-json\/wp\/v2\/comments?post=57"}],"version-history":[{"count":5,"href":"https:\/\/www.doderoycia.com\/pt\/wp-json\/wp\/v2\/pages\/57\/revisions"}],"predecessor-version":[{"id":344,"href":"https:\/\/www.doderoycia.com\/pt\/wp-json\/wp\/v2\/pages\/57\/revisions\/344"}],"wp:attachment":[{"href":"https:\/\/www.doderoycia.com\/pt\/wp-json\/wp\/v2\/media?parent=57"}],"curies":[{"name":"wp","href":"https:\/\/api.w.org\/{rel}","templated":true}]}}